{"id":3,"date":"2024-04-11T08:18:42","date_gmt":"2024-04-11T08:18:42","guid":{"rendered":"https:\/\/joma-sport.md\/?page_id=3"},"modified":"2025-01-17T09:07:07","modified_gmt":"2025-01-17T09:07:07","slug":"privacy-policy","status":"publish","type":"page","link":"https:\/\/joma-sport.md\/ro\/politica-de-confidentialitate-2\/","title":{"rendered":"Politica de confiden\u021bialitate"},"content":{"rendered":"<div data-elementor-type=\"wp-page\" data-elementor-id=\"3\" class=\"elementor elementor-3\" data-elementor-post-type=\"page\">\n\t\t\t\t<div class=\"elementor-element elementor-element-704d9151 e-flex e-con-boxed e-con e-parent\" data-id=\"704d9151\" data-element_type=\"container\">\n\t\t\t\t\t<div class=\"e-con-inner\">\n\t\t<div class=\"elementor-element elementor-element-ec536e9 e-flex e-con-boxed e-con e-child\" data-id=\"ec536e9\" data-element_type=\"container\" data-settings=\"{&quot;background_background&quot;:&quot;classic&quot;}\">\n\t\t\t\t\t<div class=\"e-con-inner\">\n\t\t\t\t<div class=\"elementor-element elementor-element-65245759 elementor-widget elementor-widget-text-editor\" data-id=\"65245759\" data-element_type=\"widget\" data-widget_type=\"text-editor.default\">\n\t\t\t\t<div class=\"elementor-widget-container\">\n\t\t\t\t\t\t\t<p class=\"translation-block\"><strong>1. Introducere<\/strong><br>Aceast\u0103 Politic\u0103 de Confiden\u021bialitate descrie modul \u00een care site-ul <a href=\"https:\/\/joma-sport.md\/ro\/\" target=\"_new\" rel=\"noopener\">https:\/\/joma-sport.md<\/a> (denumit \u00een continuare \u201eSite-ul\u201d) proceseaz\u0103 datele dumneavoastr\u0103 personale. Ne angaj\u0103m s\u0103 v\u0103 protej\u0103m confiden\u021bialitatea \u00een conformitate cu legisla\u021bia Republicii Moldova, inclusiv Legea nr.133 din 8 iulie 2011 \u201eCu privire la protec\u021bia datelor cu caracter personal\u201d.<\/p><p><br><\/p>\n<p><strong>2. Ce date colect\u0103m<\/strong><br>Este posibil s\u0103 colect\u0103m urm\u0103toarele informa\u021bii atunci c\u00e2nd utiliza\u021bi site-ul nostru:<\/p>\n<ul>\n<li style=\"list-style-type: none;\">\n<ul>\n<li class=\"translation-block\"><strong>Informa\u021bii de contact<\/strong>: nume, e-mail, num\u0103r de telefon.<\/li>\n<li class=\"translation-block\"><strong>Informa\u021bii despre comand\u0103<\/strong>: adresa de livrare, informa\u021bii de plat\u0103, istoricul achizi\u021biilor.<\/li>\n<li class=\"translation-block\"><strong>Date tehnice<\/strong>: adresa IP, tipul dispozitivului, browserul, ora vizitei.<\/li>\n<li class=\"translation-block\"><strong>Date din cookie-uri<\/strong> pentru a \u00eembun\u0103t\u0103\u021bi func\u021bionarea Site-ului.<\/li>\n<\/ul>\n<\/li>\n<\/ul>\n<p><strong><br><\/strong><\/p><p><strong>3. Cum utiliz\u0103m datele dumneavoastr\u0103<\/strong><br>Respectarea cerin\u021belor legale.<\/p>\n<ul>\n<li style=\"list-style-type: none;\">\n<ul>\n<li>4. Transferul datelor c\u0103tre ter\u021bi<\/li>\n<li>Datele dumneavoastr\u0103 pot fi transferate c\u0103tre ter\u021bi \u00een urm\u0103toarele cazuri:<\/li>\n<li>Pentru procesarea pl\u0103\u021bilor \u0219i livrarea (servicii de curierat, sisteme de plat\u0103).<\/li>\n<li>Respectarea cerin\u021belor legale.<br><\/li>\n<\/ul>\n<\/li>\n<\/ul>\n<p><strong><br><\/strong><\/p><p><strong>4. Transferul datelor c\u0103tre ter\u021bi<\/strong><br>Datele dumneavoastr\u0103 pot fi transferate c\u0103tre ter\u021bi \u00een urm\u0103toarele cazuri:<\/p>\n<ul>\n<li style=\"list-style-type: none;\">\n<ul>\n<li>Pentru procesarea \u0219i livrarea pl\u0103\u021bilor (servicii de curierat, sisteme de plat\u0103).<\/li>\n<li>La cererea autorit\u0103\u021bilor guvernamentale.<\/li>\n<li>Partenerii no\u0219tri pentru servicii suplimentare (cu acord).<\/li>\n<\/ul>\n<\/li>\n<\/ul>\n<p>Nu \u00eemp\u0103rt\u0103\u0219im datele dumneavoastr\u0103 cu ter\u021be p\u0103r\u021bi \u00een scopuri comerciale f\u0103r\u0103 consim\u021b\u0103m\u00e2ntul dumneavoastr\u0103.<\/p>\n<p><strong><br><\/strong><\/p><p><strong>5. Cookie-uri<\/strong><br>Site-ul nostru folose\u0219te cookie-uri pentru a v\u0103 \u00eembun\u0103t\u0103\u021bi experien\u021ba. V\u0103 pute\u021bi gestiona set\u0103rile cookie-urilor prin intermediul browserului dvs.<\/p>\n<p><strong><br><\/strong><\/p><p><strong>6. Protec\u021bia datelor<\/strong><br>Folosim m\u0103suri de securitate pentru a v\u0103 proteja datele \u00eempotriva accesului neautorizat \u0219i a modific\u0103rilor.<\/p>\n<p><strong><br><\/strong><\/p><p><strong>7. Drepturile tale<\/strong><br>Conform legii, ave\u021bi urm\u0103toarele drepturi:<\/p>\n<ul>\n<li style=\"list-style-type: none;\">\n<ul>\n<li>Acces la date.<\/li>\n<li>Corectarea sau \u0219tergerea datelor.<\/li>\n<li>Restric\u021bionarea prelucr\u0103rii datelor.<\/li>\n<li>Obiec\u021bie la prelucrarea datelor.<\/li>\n<li>Retragerea consim\u021b\u0103m\u00e2ntului pentru prelucrarea datelor (dac\u0103 este cazul).<br><\/li>\n<\/ul>\n<\/li>\n<\/ul>\n<p><strong><br><\/strong><\/p><p><strong>8. Contacte<\/strong><br>Dac\u0103 ave\u021bi \u00eentreb\u0103ri despre Politica de confiden\u021bialitate, v\u0103 rug\u0103m s\u0103 ne contacta\u021bi:<\/p>\n<ul>\n<li style=\"list-style-type: none;\">\n<ul>\n<li class=\"translation-block\"><strong>Companie<\/strong>: Joma Sport Moldova<\/li>\n<li class=\"translation-block\"><strong>E-mail<\/strong>: <a href=\"mailto:jomamoldova@gmail.com\" rel=\"noopener\" target=\"_self\">jomamoldova@gmail.com<\/a><\/li>\n<li><strong>Telefon<\/strong>: <a rel=\"noopener\">+373 (78) 940 000<\/a><\/li>\n<li class=\"translation-block\"><strong>Adresa<\/strong>: Republica Moldova, Chi\u0219in\u0103u<\/li>\n<\/ul>\n<\/li>\n<\/ul>\n<p><strong><br><\/strong><\/p><p><strong>9. Modific\u0103ri ale Politicii<\/strong><br>Ne rezerv\u0103m dreptul de a face modific\u0103ri acestei Politici. V\u0103 recomand\u0103m s\u0103 \u00eel verifica\u021bi pentru actualiz\u0103ri.<\/p>\t\t\t\t\t\t<\/div>\n\t\t\t\t<\/div>\n\t\t\t\t\t<\/div>\n\t\t\t\t<\/div>\n\t\t\t\t\t<\/div>\n\t\t\t\t<\/div>\n\t\t\t\t<\/div>","protected":false},"excerpt":{"rendered":"<p>1. \u0412\u0432\u0435\u0434\u0435\u043d\u0438\u0435\u0414\u0430\u043d\u043d\u0430\u044f \u041f\u043e\u043b\u0438\u0442\u0438\u043a\u0430 \u043a\u043e\u043d\u0444\u0438\u0434\u0435\u043d\u0446\u0438\u0430\u043b\u044c\u043d\u043e\u0441\u0442\u0438 \u043e\u043f\u0438\u0441\u044b\u0432\u0430\u0435\u0442, \u043a\u0430\u043a \u0441\u0430\u0439\u0442 https:\/\/joma-sport.md (\u0434\u0430\u043b\u0435\u0435 \u2013 \u00ab\u0421\u0430\u0439\u0442\u00bb) \u043e\u0431\u0440\u0430\u0431\u0430\u0442\u044b\u0432\u0430\u0435\u0442 \u0432\u0430\u0448\u0438 \u043f\u0435\u0440\u0441\u043e\u043d\u0430\u043b\u044c\u043d\u044b\u0435 \u0434\u0430\u043d\u043d\u044b\u0435. \u041c\u044b \u043e\u0431\u044f\u0437\u0443\u0435\u043c\u0441\u044f \u0437\u0430\u0449\u0438\u0449\u0430\u0442\u044c \u0432\u0430\u0448\u0443 \u043a\u043e\u043d\u0444\u0438\u0434\u0435\u043d\u0446\u0438\u0430\u043b\u044c\u043d\u043e\u0441\u0442\u044c \u0432 \u0441\u043e\u043e\u0442\u0432\u0435\u0442\u0441\u0442\u0432\u0438\u0438 \u0441 \u0437\u0430\u043a\u043e\u043d\u043e\u0434\u0430\u0442\u0435\u043b\u044c\u0441\u0442\u0432\u043e\u043c \u0420\u0435\u0441\u043f\u0443\u0431\u043b\u0438\u043a\u0438 \u041c\u043e\u043b\u0434\u043e\u0432\u0430, \u0432\u043a\u043b\u044e\u0447\u0430\u044f \u0417\u0430\u043a\u043e\u043d \u2116133 \u043e\u0442 8 \u0438\u044e\u043b\u044f 2011 \u0433\u043e\u0434\u0430 \u00ab\u041e \u0437\u0430\u0449\u0438\u0442\u0435 \u043f\u0435\u0440\u0441\u043e\u043d\u0430\u043b\u044c\u043d\u044b\u0445 \u0434\u0430\u043d\u043d\u044b\u0445\u00bb. 2. \u041a\u0430\u043a\u0438\u0435 \u0434\u0430\u043d\u043d\u044b\u0435 \u043c\u044b \u0441\u043e\u0431\u0438\u0440\u0430\u0435\u043c\u041c\u044b \u043c\u043e\u0436\u0435\u043c \u0441\u043e\u0431\u0438\u0440\u0430\u0442\u044c \u0441\u043b\u0435\u0434\u0443\u044e\u0449\u0438\u0435 \u0434\u0430\u043d\u043d\u044b\u0435, \u043a\u043e\u0433\u0434\u0430 \u0432\u044b \u0438\u0441\u043f\u043e\u043b\u044c\u0437\u0443\u0435\u0442\u0435 \u043d\u0430\u0448 \u0421\u0430\u0439\u0442: \u041a\u043e\u043d\u0442\u0430\u043a\u0442\u043d\u044b\u0435 \u0434\u0430\u043d\u043d\u044b\u0435: \u0438\u043c\u044f, [&hellip;]<\/p>","protected":false},"author":1,"featured_media":0,"parent":0,"menu_order":0,"comment_status":"closed","ping_status":"open","template":"","meta":{"_acf_changed":false,"inline_featured_image":false,"footnotes":""},"class_list":["post-3","page","type-page","status-publish","hentry"],"acf":[],"yoast_head":"<!-- This site is optimized with the Yoast SEO Premium plugin v24.9 (Yoast SEO v24.9) - https:\/\/yoast.com\/wordpress\/plugins\/seo\/ -->\n<title>\u041f\u043e\u043b\u0438\u0442\u0438\u043a\u0430 \u041a\u043e\u043d\u0444\u0438\u0434\u0435\u043d\u0446\u0438\u0430\u043b\u044c\u043d\u043e\u0441\u0442\u0438 - Joma Sport<\/title>\n<meta name=\"robots\" content=\"index, follow, max-snippet:-1, max-image-preview:large, max-video-preview:-1\" \/>\n<link rel=\"canonical\" href=\"https:\/\/joma-sport.md\/ro\/politica-de-confidentialitate-2\/\" \/>\n<meta property=\"og:locale\" content=\"ro_RO\" \/>\n<meta property=\"og:type\" content=\"article\" \/>\n<meta property=\"og:title\" content=\"\u041f\u043e\u043b\u0438\u0442\u0438\u043a\u0430 \u041a\u043e\u043d\u0444\u0438\u0434\u0435\u043d\u0446\u0438\u0430\u043b\u044c\u043d\u043e\u0441\u0442\u0438\" \/>\n<meta property=\"og:description\" content=\"1. \u0412\u0432\u0435\u0434\u0435\u043d\u0438\u0435\u0414\u0430\u043d\u043d\u0430\u044f \u041f\u043e\u043b\u0438\u0442\u0438\u043a\u0430 \u043a\u043e\u043d\u0444\u0438\u0434\u0435\u043d\u0446\u0438\u0430\u043b\u044c\u043d\u043e\u0441\u0442\u0438 \u043e\u043f\u0438\u0441\u044b\u0432\u0430\u0435\u0442, \u043a\u0430\u043a \u0441\u0430\u0439\u0442 https:\/\/joma-sport.md (\u0434\u0430\u043b\u0435\u0435 \u2013 \u00ab\u0421\u0430\u0439\u0442\u00bb) \u043e\u0431\u0440\u0430\u0431\u0430\u0442\u044b\u0432\u0430\u0435\u0442 \u0432\u0430\u0448\u0438 \u043f\u0435\u0440\u0441\u043e\u043d\u0430\u043b\u044c\u043d\u044b\u0435 \u0434\u0430\u043d\u043d\u044b\u0435. \u041c\u044b \u043e\u0431\u044f\u0437\u0443\u0435\u043c\u0441\u044f \u0437\u0430\u0449\u0438\u0449\u0430\u0442\u044c \u0432\u0430\u0448\u0443 \u043a\u043e\u043d\u0444\u0438\u0434\u0435\u043d\u0446\u0438\u0430\u043b\u044c\u043d\u043e\u0441\u0442\u044c \u0432 \u0441\u043e\u043e\u0442\u0432\u0435\u0442\u0441\u0442\u0432\u0438\u0438 \u0441 \u0437\u0430\u043a\u043e\u043d\u043e\u0434\u0430\u0442\u0435\u043b\u044c\u0441\u0442\u0432\u043e\u043c \u0420\u0435\u0441\u043f\u0443\u0431\u043b\u0438\u043a\u0438 \u041c\u043e\u043b\u0434\u043e\u0432\u0430, \u0432\u043a\u043b\u044e\u0447\u0430\u044f \u0417\u0430\u043a\u043e\u043d \u2116133 \u043e\u0442 8 \u0438\u044e\u043b\u044f 2011 \u0433\u043e\u0434\u0430 \u00ab\u041e \u0437\u0430\u0449\u0438\u0442\u0435 \u043f\u0435\u0440\u0441\u043e\u043d\u0430\u043b\u044c\u043d\u044b\u0445 \u0434\u0430\u043d\u043d\u044b\u0445\u00bb. 2. \u041a\u0430\u043a\u0438\u0435 \u0434\u0430\u043d\u043d\u044b\u0435 \u043c\u044b \u0441\u043e\u0431\u0438\u0440\u0430\u0435\u043c\u041c\u044b \u043c\u043e\u0436\u0435\u043c \u0441\u043e\u0431\u0438\u0440\u0430\u0442\u044c \u0441\u043b\u0435\u0434\u0443\u044e\u0449\u0438\u0435 \u0434\u0430\u043d\u043d\u044b\u0435, \u043a\u043e\u0433\u0434\u0430 \u0432\u044b \u0438\u0441\u043f\u043e\u043b\u044c\u0437\u0443\u0435\u0442\u0435 \u043d\u0430\u0448 \u0421\u0430\u0439\u0442: \u041a\u043e\u043d\u0442\u0430\u043a\u0442\u043d\u044b\u0435 \u0434\u0430\u043d\u043d\u044b\u0435: \u0438\u043c\u044f, [&hellip;]\" \/>\n<meta property=\"og:url\" content=\"https:\/\/joma-sport.md\/ro\/politica-de-confidentialitate-2\/\" \/>\n<meta property=\"og:site_name\" content=\"Joma Sport\" \/>\n<meta property=\"article:modified_time\" content=\"2025-01-17T09:07:07+00:00\" \/>\n<meta name=\"twitter:card\" content=\"summary_large_image\" \/>\n<meta name=\"twitter:label1\" content=\"Timp estimat pentru citire\" \/>\n\t<meta name=\"twitter:data1\" content=\"2 minute\" \/>\n<script type=\"application\/ld+json\" class=\"yoast-schema-graph\">{\"@context\":\"https:\/\/schema.org\",\"@graph\":[{\"@type\":\"WebPage\",\"@id\":\"https:\/\/joma-sport.md\/privacy-policy\/\",\"url\":\"https:\/\/joma-sport.md\/privacy-policy\/\",\"name\":\"\u041f\u043e\u043b\u0438\u0442\u0438\u043a\u0430 \u041a\u043e\u043d\u0444\u0438\u0434\u0435\u043d\u0446\u0438\u0430\u043b\u044c\u043d\u043e\u0441\u0442\u0438 - Joma Sport\",\"isPartOf\":{\"@id\":\"https:\/\/joma-sport.md\/#website\"},\"datePublished\":\"2024-04-11T08:18:42+00:00\",\"dateModified\":\"2025-01-17T09:07:07+00:00\",\"breadcrumb\":{\"@id\":\"https:\/\/joma-sport.md\/privacy-policy\/#breadcrumb\"},\"inLanguage\":\"ro-RO\",\"potentialAction\":[{\"@type\":\"ReadAction\",\"target\":[\"https:\/\/joma-sport.md\/privacy-policy\/\"]}]},{\"@type\":\"BreadcrumbList\",\"@id\":\"https:\/\/joma-sport.md\/privacy-policy\/#breadcrumb\",\"itemListElement\":[{\"@type\":\"ListItem\",\"position\":1,\"name\":\"\u0413\u043b\u0430\u0432\u043d\u0430\u044f\",\"item\":\"https:\/\/joma-sport.md\/\"},{\"@type\":\"ListItem\",\"position\":2,\"name\":\"\u041f\u043e\u043b\u0438\u0442\u0438\u043a\u0430 \u041a\u043e\u043d\u0444\u0438\u0434\u0435\u043d\u0446\u0438\u0430\u043b\u044c\u043d\u043e\u0441\u0442\u0438\"}]},{\"@type\":\"WebSite\",\"@id\":\"https:\/\/joma-sport.md\/#website\",\"url\":\"https:\/\/joma-sport.md\/\",\"name\":\"Joma Sport\",\"description\":\"\",\"publisher\":{\"@id\":\"https:\/\/joma-sport.md\/#organization\"},\"potentialAction\":[{\"@type\":\"SearchAction\",\"target\":{\"@type\":\"EntryPoint\",\"urlTemplate\":\"https:\/\/joma-sport.md\/?s={search_term_string}\"},\"query-input\":{\"@type\":\"PropertyValueSpecification\",\"valueRequired\":true,\"valueName\":\"search_term_string\"}}],\"inLanguage\":\"ro-RO\"},{\"@type\":\"Organization\",\"@id\":\"https:\/\/joma-sport.md\/#organization\",\"name\":\"Joma Sport\",\"url\":\"https:\/\/joma-sport.md\/\",\"logo\":{\"@type\":\"ImageObject\",\"inLanguage\":\"ro-RO\",\"@id\":\"https:\/\/joma-sport.md\/#\/schema\/logo\/image\/\",\"url\":\"https:\/\/joma-sport.md\/wp-content\/uploads\/2024\/04\/logo.svg\",\"contentUrl\":\"https:\/\/joma-sport.md\/wp-content\/uploads\/2024\/04\/logo.svg\",\"width\":225,\"height\":46,\"caption\":\"Joma Sport\"},\"image\":{\"@id\":\"https:\/\/joma-sport.md\/#\/schema\/logo\/image\/\"}}]}<\/script>\n<!-- \/ Yoast SEO Premium plugin. -->","yoast_head_json":{"title":"\u041f\u043e\u043b\u0438\u0442\u0438\u043a\u0430 \u041a\u043e\u043d\u0444\u0438\u0434\u0435\u043d\u0446\u0438\u0430\u043b\u044c\u043d\u043e\u0441\u0442\u0438 - Joma Sport","robots":{"index":"index","follow":"follow","max-snippet":"max-snippet:-1","max-image-preview":"max-image-preview:large","max-video-preview":"max-video-preview:-1"},"canonical":"https:\/\/joma-sport.md\/ro\/politica-de-confidentialitate-2\/","og_locale":"ro_RO","og_type":"article","og_title":"\u041f\u043e\u043b\u0438\u0442\u0438\u043a\u0430 \u041a\u043e\u043d\u0444\u0438\u0434\u0435\u043d\u0446\u0438\u0430\u043b\u044c\u043d\u043e\u0441\u0442\u0438","og_description":"1. \u0412\u0432\u0435\u0434\u0435\u043d\u0438\u0435\u0414\u0430\u043d\u043d\u0430\u044f \u041f\u043e\u043b\u0438\u0442\u0438\u043a\u0430 \u043a\u043e\u043d\u0444\u0438\u0434\u0435\u043d\u0446\u0438\u0430\u043b\u044c\u043d\u043e\u0441\u0442\u0438 \u043e\u043f\u0438\u0441\u044b\u0432\u0430\u0435\u0442, \u043a\u0430\u043a \u0441\u0430\u0439\u0442 https:\/\/joma-sport.md (\u0434\u0430\u043b\u0435\u0435 \u2013 \u00ab\u0421\u0430\u0439\u0442\u00bb) \u043e\u0431\u0440\u0430\u0431\u0430\u0442\u044b\u0432\u0430\u0435\u0442 \u0432\u0430\u0448\u0438 \u043f\u0435\u0440\u0441\u043e\u043d\u0430\u043b\u044c\u043d\u044b\u0435 \u0434\u0430\u043d\u043d\u044b\u0435. \u041c\u044b \u043e\u0431\u044f\u0437\u0443\u0435\u043c\u0441\u044f \u0437\u0430\u0449\u0438\u0449\u0430\u0442\u044c \u0432\u0430\u0448\u0443 \u043a\u043e\u043d\u0444\u0438\u0434\u0435\u043d\u0446\u0438\u0430\u043b\u044c\u043d\u043e\u0441\u0442\u044c \u0432 \u0441\u043e\u043e\u0442\u0432\u0435\u0442\u0441\u0442\u0432\u0438\u0438 \u0441 \u0437\u0430\u043a\u043e\u043d\u043e\u0434\u0430\u0442\u0435\u043b\u044c\u0441\u0442\u0432\u043e\u043c \u0420\u0435\u0441\u043f\u0443\u0431\u043b\u0438\u043a\u0438 \u041c\u043e\u043b\u0434\u043e\u0432\u0430, \u0432\u043a\u043b\u044e\u0447\u0430\u044f \u0417\u0430\u043a\u043e\u043d \u2116133 \u043e\u0442 8 \u0438\u044e\u043b\u044f 2011 \u0433\u043e\u0434\u0430 \u00ab\u041e \u0437\u0430\u0449\u0438\u0442\u0435 \u043f\u0435\u0440\u0441\u043e\u043d\u0430\u043b\u044c\u043d\u044b\u0445 \u0434\u0430\u043d\u043d\u044b\u0445\u00bb. 2. \u041a\u0430\u043a\u0438\u0435 \u0434\u0430\u043d\u043d\u044b\u0435 \u043c\u044b \u0441\u043e\u0431\u0438\u0440\u0430\u0435\u043c\u041c\u044b \u043c\u043e\u0436\u0435\u043c \u0441\u043e\u0431\u0438\u0440\u0430\u0442\u044c \u0441\u043b\u0435\u0434\u0443\u044e\u0449\u0438\u0435 \u0434\u0430\u043d\u043d\u044b\u0435, \u043a\u043e\u0433\u0434\u0430 \u0432\u044b \u0438\u0441\u043f\u043e\u043b\u044c\u0437\u0443\u0435\u0442\u0435 \u043d\u0430\u0448 \u0421\u0430\u0439\u0442: \u041a\u043e\u043d\u0442\u0430\u043a\u0442\u043d\u044b\u0435 \u0434\u0430\u043d\u043d\u044b\u0435: \u0438\u043c\u044f, [&hellip;]","og_url":"https:\/\/joma-sport.md\/ro\/politica-de-confidentialitate-2\/","og_site_name":"Joma Sport","article_modified_time":"2025-01-17T09:07:07+00:00","twitter_card":"summary_large_image","twitter_misc":{"Timp estimat pentru citire":"2 minute"},"schema":{"@context":"https:\/\/schema.org","@graph":[{"@type":"WebPage","@id":"https:\/\/joma-sport.md\/privacy-policy\/","url":"https:\/\/joma-sport.md\/privacy-policy\/","name":"\u041f\u043e\u043b\u0438\u0442\u0438\u043a\u0430 \u041a\u043e\u043d\u0444\u0438\u0434\u0435\u043d\u0446\u0438\u0430\u043b\u044c\u043d\u043e\u0441\u0442\u0438 - Joma Sport","isPartOf":{"@id":"https:\/\/joma-sport.md\/#website"},"datePublished":"2024-04-11T08:18:42+00:00","dateModified":"2025-01-17T09:07:07+00:00","breadcrumb":{"@id":"https:\/\/joma-sport.md\/privacy-policy\/#breadcrumb"},"inLanguage":"ro-RO","potentialAction":[{"@type":"ReadAction","target":["https:\/\/joma-sport.md\/privacy-policy\/"]}]},{"@type":"BreadcrumbList","@id":"https:\/\/joma-sport.md\/privacy-policy\/#breadcrumb","itemListElement":[{"@type":"ListItem","position":1,"name":"\u0413\u043b\u0430\u0432\u043d\u0430\u044f","item":"https:\/\/joma-sport.md\/"},{"@type":"ListItem","position":2,"name":"\u041f\u043e\u043b\u0438\u0442\u0438\u043a\u0430 \u041a\u043e\u043d\u0444\u0438\u0434\u0435\u043d\u0446\u0438\u0430\u043b\u044c\u043d\u043e\u0441\u0442\u0438"}]},{"@type":"WebSite","@id":"https:\/\/joma-sport.md\/#website","url":"https:\/\/joma-sport.md\/","name":"Joma Sport","description":"","publisher":{"@id":"https:\/\/joma-sport.md\/#organization"},"potentialAction":[{"@type":"SearchAction","target":{"@type":"EntryPoint","urlTemplate":"https:\/\/joma-sport.md\/?s={search_term_string}"},"query-input":{"@type":"PropertyValueSpecification","valueRequired":true,"valueName":"search_term_string"}}],"inLanguage":"ro-RO"},{"@type":"Organization","@id":"https:\/\/joma-sport.md\/#organization","name":"Joma Sport","url":"https:\/\/joma-sport.md\/","logo":{"@type":"ImageObject","inLanguage":"ro-RO","@id":"https:\/\/joma-sport.md\/#\/schema\/logo\/image\/","url":"https:\/\/joma-sport.md\/wp-content\/uploads\/2024\/04\/logo.svg","contentUrl":"https:\/\/joma-sport.md\/wp-content\/uploads\/2024\/04\/logo.svg","width":225,"height":46,"caption":"Joma Sport"},"image":{"@id":"https:\/\/joma-sport.md\/#\/schema\/logo\/image\/"}}]}},"_links":{"self":[{"href":"https:\/\/joma-sport.md\/ro\/wp-json\/wp\/v2\/pages\/3","targetHints":{"allow":["GET"]}}],"collection":[{"href":"https:\/\/joma-sport.md\/ro\/wp-json\/wp\/v2\/pages"}],"about":[{"href":"https:\/\/joma-sport.md\/ro\/wp-json\/wp\/v2\/types\/page"}],"author":[{"embeddable":true,"href":"https:\/\/joma-sport.md\/ro\/wp-json\/wp\/v2\/users\/1"}],"replies":[{"embeddable":true,"href":"https:\/\/joma-sport.md\/ro\/wp-json\/wp\/v2\/comments?post=3"}],"version-history":[{"count":0,"href":"https:\/\/joma-sport.md\/ro\/wp-json\/wp\/v2\/pages\/3\/revisions"}],"wp:attachment":[{"href":"https:\/\/joma-sport.md\/ro\/wp-json\/wp\/v2\/media?parent=3"}],"curies":[{"name":"wp","href":"https:\/\/api.w.org\/{rel}","templated":true}]}}