{"id":115,"date":"2024-09-20T10:35:52","date_gmt":"2024-09-20T10:35:52","guid":{"rendered":"https:\/\/joma-sport.md\/?page_id=115"},"modified":"2025-12-04T13:17:31","modified_gmt":"2025-12-04T13:17:31","slug":"dostavka","status":"publish","type":"page","link":"https:\/\/joma-sport.md\/ro\/livrare\/","title":{"rendered":"Livrare"},"content":{"rendered":"<div data-elementor-type=\"wp-page\" data-elementor-id=\"115\" class=\"elementor elementor-115\" data-elementor-post-type=\"page\">\n\t\t\t\t<div class=\"elementor-element elementor-element-d25a90b e-flex e-con-boxed e-con e-parent\" data-id=\"d25a90b\" data-element_type=\"container\">\n\t\t\t\t\t<div class=\"e-con-inner\">\n\t\t<div class=\"elementor-element elementor-element-a2827be e-flex e-con-boxed e-con e-child\" data-id=\"a2827be\" data-element_type=\"container\" data-settings=\"{&quot;background_background&quot;:&quot;classic&quot;}\">\n\t\t\t\t\t<div class=\"e-con-inner\">\n\t\t\t\t<div class=\"elementor-element elementor-element-b209cd8 elementor-widget elementor-widget-heading\" data-id=\"b209cd8\" data-element_type=\"widget\" data-widget_type=\"heading.default\">\n\t\t\t\t<div class=\"elementor-widget-container\">\n\t\t\t<h2 class=\"elementor-heading-title elementor-size-default\">Condi\u021bii de livrare\n<\/h2>\t\t<\/div>\n\t\t\t\t<\/div>\n\t\t\t\t<div class=\"elementor-element elementor-element-585fca9 elementor-widget elementor-widget-text-editor\" data-id=\"585fca9\" data-element_type=\"widget\" data-widget_type=\"text-editor.default\">\n\t\t\t\t<div class=\"elementor-widget-container\">\n\t\t\t\t\t\t\t<p class=\"translation-block\">Dragi clien\u021bi, dac\u0103 v-au pl\u0103cut echipamentele sportive de la JOMA \u0219i dori\u021bi s\u0103 cump\u0103ra\u021bi produsul care v\u0103 place sau s\u0103 plasa\u021bi o comand\u0103, v\u0103 invit\u0103m s\u0103 vizita\u021bi magazinele noastre JOMA la urm\u0103toarele adrese:<br><br><\/p><ul><li style=\"list-style-type: none;\"><ul><li>\u0433. \u041a\u0438\u0448\u0438\u043d\u0451\u0432, \u0443\u043b. \u0421\u0430\u0440\u043c\u0438\u0437\u0435\u0433\u0435\u0442\u0443\u0441\u0430 26<\/li><li>\u0433. \u041a\u0438\u0448\u0438\u043d\u0451\u0432, \u0443\u043b. \u041c\u0438\u0440\u0447\u0430 \u0447\u0435\u043b \u0411\u044d\u0442\u0440\u044b\u043d 11<\/li><li>\u0433. \u041a\u0438\u0448\u0438\u043d\u0451\u0432, \u0443\u043b. \u041d\u0438\u043a\u043e\u043b\u0430\u0435 \u041a\u043e\u0441\u0442\u0438\u043d 62, \u0432\u0445\u043e\u0434 \u0441\u043e \u0441\u0442\u043e\u0440\u043e\u043d\u044b \u0443\u043b. \u041b\u0438\u0432\u0438\u0443 \u0414\u0435\u043b\u044f\u043d\u0443.<\/li><li>or. Chi\u0219in\u0103u Bulevardul Moskova  nr. 16<\/li><li>\u0433. \u041a\u0438\u0448\u0438\u043d\u0451\u0432\u00a0 \u0443\u043b. \u041c\u0438\u0440\u0447\u0430 \u0447\u0435\u043b \u0411\u044d\u0442\u0440\u044b\u043d 1<\/li><\/ul><\/li><\/ul><p>\u0422\u0430\u043a\u0436\u0435 \u0412\u044b \u043c\u043e\u0436\u0435\u0442\u0435 \u0440\u0430\u0437\u043c\u0435\u0441\u0442\u0438\u0442\u044c \u0437\u0430\u043a\u0430\u0437 \u043d\u0430 \u043d\u0430\u0448\u0435\u043c \u0441\u0430\u0439\u0442\u0435 \u0438 \u043c\u044b \u0434\u043e\u0441\u0442\u0430\u0432\u0438\u043c \u0412\u0430\u043c \u0435\u0433\u043e \u0432 \u043a\u0440\u0430\u0442\u0447\u0430\u0439\u0448\u0438\u0435 \u0441\u0440\u043e\u043a\u0438,<br \/>\u0432 \u0441\u043b\u0443\u0447\u0430\u0435 \u0435\u0441\u043b\u0438 \u0432\u044b\u0431\u0440\u0430\u043d\u043d\u044b\u0439 \u0412\u0430\u043c\u0438 \u0442\u043e\u0432\u0430\u0440 \u0435\u0441\u0442\u044c \u0432 \u043d\u0430\u043b\u0438\u0447\u0438\u0438 \u0432 \u043d\u0443\u0436\u043d\u043e\u043c \u0412\u0430\u043c \u0446\u0432\u0435\u0442\u0435 \u0438 \u0440\u0430\u0437\u043c\u0435\u0440\u0435.<\/p><h3>\u0421\u0442\u043e\u0438\u043c\u043e\u0441\u0442\u044c \u0434\u043e\u0441\u0442\u0430\u0432\u043a\u0438 :<\/h3><ul><li style=\"list-style-type: none;\"><ul><li><p style=\"box-sizing: border-box; outline: 0px; margin: 0px; color: #37373f; font-family: Manrope, sans-serif, Manrope; font-size: 18px; font-style: normal; font-variant-ligatures: normal; font-variant-caps: normal; font-weight: 400; letter-spacing: normal; orphans: 2; text-align: start; text-indent: 0px; text-transform: none; widows: 2; word-spacing: 0px; -webkit-text-stroke-width: 0px; white-space: normal; background-color: #ffffff; text-decoration-thickness: initial; text-decoration-style: initial; text-decoration-color: initial;\">La comanda\u00a0<strong style=\"box-sizing: border-box; outline: 0px; font-weight: bolder;\">de la 1500 lei<\/strong>\u00a0\u2014\u00a0<strong style=\"box-sizing: border-box; outline: 0px; font-weight: bolder;\">gratuit<\/strong>, \u043f\u0440\u0438 \u0437\u0430\u043a\u0430\u0437\u0435 \u0434\u043e 1500 \u043b\u0435\u0439 \u2014 \u0441\u0442\u043e\u0438\u043c\u043e\u0441\u0442\u044c \u0434\u043e\u0441\u0442\u0430\u0432\u043a\u0438\u00a0<strong style=\"box-sizing: border-box; outline: 0px; font-weight: bolder;\">70 \u043b\u0435\u0439.<\/strong><strong style=\"color: var( --e-global-color-text ); font-size: var( --e-global-typography-text-font-size ); text-align: var(--text-align);\">\u00a0<\/strong><\/p><\/li><\/ul><\/li><\/ul><h3>\u00a0<\/h3>\t\t\t\t\t\t<\/div>\n\t\t\t\t<\/div>\n\t\t\t\t\t<\/div>\n\t\t\t\t<\/div>\n\t\t\t\t\t<\/div>\n\t\t\t\t<\/div>\n\t\t\t\t<\/div>","protected":false},"excerpt":{"rendered":"<p>\u0423\u0441\u043b\u043e\u0432\u0438\u044f \u0434\u043e\u0441\u0442\u0430\u0432\u043a\u0438 \u0423\u0432\u0430\u0436\u0430\u0435\u043c\u044b\u0435 \u043f\u043e\u043a\u0443\u043f\u0430\u0442\u0435\u043b\u0438, \u0435\u0441\u043b\u0438 \u0412\u0430\u043c \u043f\u043e\u043d\u0440\u0430\u0432\u0438\u043b\u0430\u0441\u044c \u0441\u043f\u043e\u0440\u0442\u0438\u0432\u043d\u0430\u044f \u044d\u043a\u0438\u043f\u0438\u0440\u043e\u0432\u043a\u0430 \u043e\u0442 \u043a\u043e\u043c\u043f\u0430\u043d\u0438\u0438 JOMA \u0438 \u0412\u044b \u0445\u043e\u0442\u0438\u0442\u0435 \u043f\u0440\u0438\u043e\u0431\u0440\u0435\u0441\u0442\u0438\u043f\u043e\u043d\u0440\u0430\u0432\u0438\u0432\u0448\u0438\u0435\u0441\u044f \u0412\u0430\u043c \u0442\u043e\u0432\u0430\u0440 \u0438\u043b\u0438 \u0441\u0434\u0435\u043b\u0430\u0442\u044c \u0437\u0430\u043a\u0430\u0437, \u043f\u0440\u0438\u0433\u043b\u0430\u0448\u0430\u0435\u043c \u0412\u0430\u0441 \u043f\u043e\u0441\u0435\u0442\u0438\u0442\u044c \u043d\u0430\u0448\u0438 \u043c\u0430\u0433\u0430\u0437\u0438\u043d\u044b &#171;JOMA&#187;, \u043f\u043e \u0441\u043b\u0435\u0434\u0443\u044e\u0449\u0438\u043c \u0430\u0434\u0440\u0435\u0441\u0430\u043c: \u0433. \u041a\u0438\u0448\u0438\u043d\u0451\u0432, \u0443\u043b. \u0421\u0430\u0440\u043c\u0438\u0437\u0435\u0433\u0435\u0442\u0443\u0441\u0430 26 \u0433. \u041a\u0438\u0448\u0438\u043d\u0451\u0432, \u0443\u043b. \u041c\u0438\u0440\u0447\u0430 \u0447\u0435\u043b \u0411\u044d\u0442\u0440\u044b\u043d 11 \u0433. \u041a\u0438\u0448\u0438\u043d\u0451\u0432, \u0443\u043b. \u041d\u0438\u043a\u043e\u043b\u0430\u0435 \u041a\u043e\u0441\u0442\u0438\u043d 62, \u0432\u0445\u043e\u0434 \u0441\u043e \u0441\u0442\u043e\u0440\u043e\u043d\u044b \u0443\u043b. \u041b\u0438\u0432\u0438\u0443 \u0414\u0435\u043b\u044f\u043d\u0443. \u0433. [&hellip;]<\/p>","protected":false},"author":1,"featured_media":0,"parent":0,"menu_order":0,"comment_status":"closed","ping_status":"closed","template":"","meta":{"_acf_changed":false,"inline_featured_image":false,"footnotes":""},"class_list":["post-115","page","type-page","status-publish","hentry"],"acf":[],"yoast_head":"<!-- This site is optimized with the Yoast SEO Premium plugin v24.9 (Yoast SEO v24.9) - https:\/\/yoast.com\/wordpress\/plugins\/seo\/ -->\n<title>\u0414\u043e\u0441\u0442\u0430\u0432\u043a\u0430 | \u041c\u0430\u0433\u0430\u0437\u0438\u043d \u0441\u043f\u043e\u0440\u0442\u0438\u0432\u043d\u043e\u0439 \u043e\u0434\u0435\u0436\u0434\u044b \u0438 \u043e\u0431\u0443\u0432\u0438 Joma-Sport \u0432 \u041c\u043e\u043b\u0434\u043e\u0432\u0435<\/title>\n<meta name=\"description\" content=\"\u0411\u0435\u0441\u043f\u043b\u0430\u0442\u043d\u0430\u044f \u0434\u043e\u0441\u0442\u0430\u0432\u043a\u0430 \u0441\u043f\u043e\u0440\u0442\u0438\u0432\u043d\u043e\u0439 \u043e\u0434\u0435\u0436\u0434\u044b \u0438 \u043e\u0431\u0443\u0432\u0438 \u043f\u0440\u0438 \u043f\u043e\u043a\u0443\u043f\u043a\u0435 \u043e\u0442 1000 \u043b\u0435\u0439 \u0432 \u043c\u0430\u0433\u0430\u0437\u0438\u043d\u0435 Joma-Sport.md \u041e\u0437\u043d\u0430\u043a\u043e\u043c\u044c\u0442\u0435\u0441\u044c \u0441 \u0438\u043d\u0444\u043e\u0440\u043c\u0430\u0446\u0438\u0435\u0439 \u043e \u0441\u0440\u043e\u043a\u0430\u0445, \u0446\u0435\u043d\u0430\u0445 \u0438 \u0441\u043f\u043e\u0441\u043e\u0431\u0430\u0445 \u0434\u043e\u0441\u0442\u0430\u0432\u043a\u0438, \u0447\u0442\u043e\u0431\u044b \u0441\u0434\u0435\u043b\u0430\u0442\u044c \u0432\u0430\u0448\u0438 \u043f\u043e\u043a\u0443\u043f\u043a\u0438 \u0435\u0449\u0435 \u0431\u043e\u043b\u0435\u0435 \u043a\u043e\u043c\u0444\u043e\u0440\u0442\u043d\u044b\u043c\u0438!\" \/>\n<meta name=\"robots\" content=\"index, follow, max-snippet:-1, max-image-preview:large, max-video-preview:-1\" \/>\n<link rel=\"canonical\" href=\"https:\/\/joma-sport.md\/ro\/livrare\/\" \/>\n<meta property=\"og:locale\" content=\"ro_RO\" \/>\n<meta property=\"og:type\" content=\"article\" \/>\n<meta property=\"og:title\" content=\"\u0414\u043e\u0441\u0442\u0430\u0432\u043a\u0430\" \/>\n<meta property=\"og:description\" content=\"\u0411\u0435\u0441\u043f\u043b\u0430\u0442\u043d\u0430\u044f \u0434\u043e\u0441\u0442\u0430\u0432\u043a\u0430 \u0441\u043f\u043e\u0440\u0442\u0438\u0432\u043d\u043e\u0439 \u043e\u0434\u0435\u0436\u0434\u044b \u0438 \u043e\u0431\u0443\u0432\u0438 \u043f\u0440\u0438 \u043f\u043e\u043a\u0443\u043f\u043a\u0435 \u043e\u0442 1000 \u043b\u0435\u0439 \u0432 \u043c\u0430\u0433\u0430\u0437\u0438\u043d\u0435 Joma-Sport.md \u041e\u0437\u043d\u0430\u043a\u043e\u043c\u044c\u0442\u0435\u0441\u044c \u0441 \u0438\u043d\u0444\u043e\u0440\u043c\u0430\u0446\u0438\u0435\u0439 \u043e \u0441\u0440\u043e\u043a\u0430\u0445, \u0446\u0435\u043d\u0430\u0445 \u0438 \u0441\u043f\u043e\u0441\u043e\u0431\u0430\u0445 \u0434\u043e\u0441\u0442\u0430\u0432\u043a\u0438, \u0447\u0442\u043e\u0431\u044b \u0441\u0434\u0435\u043b\u0430\u0442\u044c \u0432\u0430\u0448\u0438 \u043f\u043e\u043a\u0443\u043f\u043a\u0438 \u0435\u0449\u0435 \u0431\u043e\u043b\u0435\u0435 \u043a\u043e\u043c\u0444\u043e\u0440\u0442\u043d\u044b\u043c\u0438!\" \/>\n<meta property=\"og:url\" content=\"https:\/\/joma-sport.md\/ro\/livrare\/\" \/>\n<meta property=\"og:site_name\" content=\"Joma Sport\" \/>\n<meta property=\"article:modified_time\" content=\"2025-12-04T13:17:31+00:00\" \/>\n<meta name=\"twitter:card\" content=\"summary_large_image\" \/>\n<meta name=\"twitter:label1\" content=\"Timp estimat pentru citire\" \/>\n\t<meta name=\"twitter:data1\" content=\"1 minut\" \/>\n<script type=\"application\/ld+json\" class=\"yoast-schema-graph\">{\"@context\":\"https:\/\/schema.org\",\"@graph\":[{\"@type\":\"WebPage\",\"@id\":\"https:\/\/joma-sport.md\/dostavka\/\",\"url\":\"https:\/\/joma-sport.md\/dostavka\/\",\"name\":\"\u0414\u043e\u0441\u0442\u0430\u0432\u043a\u0430 | \u041c\u0430\u0433\u0430\u0437\u0438\u043d \u0441\u043f\u043e\u0440\u0442\u0438\u0432\u043d\u043e\u0439 \u043e\u0434\u0435\u0436\u0434\u044b \u0438 \u043e\u0431\u0443\u0432\u0438 Joma-Sport \u0432 \u041c\u043e\u043b\u0434\u043e\u0432\u0435\",\"isPartOf\":{\"@id\":\"https:\/\/joma-sport.md\/#website\"},\"datePublished\":\"2024-09-20T10:35:52+00:00\",\"dateModified\":\"2025-12-04T13:17:31+00:00\",\"description\":\"\u0411\u0435\u0441\u043f\u043b\u0430\u0442\u043d\u0430\u044f \u0434\u043e\u0441\u0442\u0430\u0432\u043a\u0430 \u0441\u043f\u043e\u0440\u0442\u0438\u0432\u043d\u043e\u0439 \u043e\u0434\u0435\u0436\u0434\u044b \u0438 \u043e\u0431\u0443\u0432\u0438 \u043f\u0440\u0438 \u043f\u043e\u043a\u0443\u043f\u043a\u0435 \u043e\u0442 1000 \u043b\u0435\u0439 \u0432 \u043c\u0430\u0433\u0430\u0437\u0438\u043d\u0435 Joma-Sport.md \u041e\u0437\u043d\u0430\u043a\u043e\u043c\u044c\u0442\u0435\u0441\u044c \u0441 \u0438\u043d\u0444\u043e\u0440\u043c\u0430\u0446\u0438\u0435\u0439 \u043e \u0441\u0440\u043e\u043a\u0430\u0445, \u0446\u0435\u043d\u0430\u0445 \u0438 \u0441\u043f\u043e\u0441\u043e\u0431\u0430\u0445 \u0434\u043e\u0441\u0442\u0430\u0432\u043a\u0438, \u0447\u0442\u043e\u0431\u044b \u0441\u0434\u0435\u043b\u0430\u0442\u044c \u0432\u0430\u0448\u0438 \u043f\u043e\u043a\u0443\u043f\u043a\u0438 \u0435\u0449\u0435 \u0431\u043e\u043b\u0435\u0435 \u043a\u043e\u043c\u0444\u043e\u0440\u0442\u043d\u044b\u043c\u0438!\",\"breadcrumb\":{\"@id\":\"https:\/\/joma-sport.md\/dostavka\/#breadcrumb\"},\"inLanguage\":\"ro-RO\",\"potentialAction\":[{\"@type\":\"ReadAction\",\"target\":[\"https:\/\/joma-sport.md\/dostavka\/\"]}]},{\"@type\":\"BreadcrumbList\",\"@id\":\"https:\/\/joma-sport.md\/dostavka\/#breadcrumb\",\"itemListElement\":[{\"@type\":\"ListItem\",\"position\":1,\"name\":\"\u0413\u043b\u0430\u0432\u043d\u0430\u044f\",\"item\":\"https:\/\/joma-sport.md\/\"},{\"@type\":\"ListItem\",\"position\":2,\"name\":\"\u0414\u043e\u0441\u0442\u0430\u0432\u043a\u0430\"}]},{\"@type\":\"WebSite\",\"@id\":\"https:\/\/joma-sport.md\/#website\",\"url\":\"https:\/\/joma-sport.md\/\",\"name\":\"Joma Sport\",\"description\":\"\",\"publisher\":{\"@id\":\"https:\/\/joma-sport.md\/#organization\"},\"potentialAction\":[{\"@type\":\"SearchAction\",\"target\":{\"@type\":\"EntryPoint\",\"urlTemplate\":\"https:\/\/joma-sport.md\/?s={search_term_string}\"},\"query-input\":{\"@type\":\"PropertyValueSpecification\",\"valueRequired\":true,\"valueName\":\"search_term_string\"}}],\"inLanguage\":\"ro-RO\"},{\"@type\":\"Organization\",\"@id\":\"https:\/\/joma-sport.md\/#organization\",\"name\":\"Joma Sport\",\"url\":\"https:\/\/joma-sport.md\/\",\"logo\":{\"@type\":\"ImageObject\",\"inLanguage\":\"ro-RO\",\"@id\":\"https:\/\/joma-sport.md\/#\/schema\/logo\/image\/\",\"url\":\"https:\/\/joma-sport.md\/wp-content\/uploads\/2024\/04\/logo.svg\",\"contentUrl\":\"https:\/\/joma-sport.md\/wp-content\/uploads\/2024\/04\/logo.svg\",\"width\":225,\"height\":46,\"caption\":\"Joma Sport\"},\"image\":{\"@id\":\"https:\/\/joma-sport.md\/#\/schema\/logo\/image\/\"}}]}<\/script>\n<!-- \/ Yoast SEO Premium plugin. -->","yoast_head_json":{"title":"\u0414\u043e\u0441\u0442\u0430\u0432\u043a\u0430 | \u041c\u0430\u0433\u0430\u0437\u0438\u043d \u0441\u043f\u043e\u0440\u0442\u0438\u0432\u043d\u043e\u0439 \u043e\u0434\u0435\u0436\u0434\u044b \u0438 \u043e\u0431\u0443\u0432\u0438 Joma-Sport \u0432 \u041c\u043e\u043b\u0434\u043e\u0432\u0435","description":"\u0411\u0435\u0441\u043f\u043b\u0430\u0442\u043d\u0430\u044f \u0434\u043e\u0441\u0442\u0430\u0432\u043a\u0430 \u0441\u043f\u043e\u0440\u0442\u0438\u0432\u043d\u043e\u0439 \u043e\u0434\u0435\u0436\u0434\u044b \u0438 \u043e\u0431\u0443\u0432\u0438 \u043f\u0440\u0438 \u043f\u043e\u043a\u0443\u043f\u043a\u0435 \u043e\u0442 1000 \u043b\u0435\u0439 \u0432 \u043c\u0430\u0433\u0430\u0437\u0438\u043d\u0435 Joma-Sport.md \u041e\u0437\u043d\u0430\u043a\u043e\u043c\u044c\u0442\u0435\u0441\u044c \u0441 \u0438\u043d\u0444\u043e\u0440\u043c\u0430\u0446\u0438\u0435\u0439 \u043e \u0441\u0440\u043e\u043a\u0430\u0445, \u0446\u0435\u043d\u0430\u0445 \u0438 \u0441\u043f\u043e\u0441\u043e\u0431\u0430\u0445 \u0434\u043e\u0441\u0442\u0430\u0432\u043a\u0438, \u0447\u0442\u043e\u0431\u044b \u0441\u0434\u0435\u043b\u0430\u0442\u044c \u0432\u0430\u0448\u0438 \u043f\u043e\u043a\u0443\u043f\u043a\u0438 \u0435\u0449\u0435 \u0431\u043e\u043b\u0435\u0435 \u043a\u043e\u043c\u0444\u043e\u0440\u0442\u043d\u044b\u043c\u0438!","robots":{"index":"index","follow":"follow","max-snippet":"max-snippet:-1","max-image-preview":"max-image-preview:large","max-video-preview":"max-video-preview:-1"},"canonical":"https:\/\/joma-sport.md\/ro\/livrare\/","og_locale":"ro_RO","og_type":"article","og_title":"\u0414\u043e\u0441\u0442\u0430\u0432\u043a\u0430","og_description":"\u0411\u0435\u0441\u043f\u043b\u0430\u0442\u043d\u0430\u044f \u0434\u043e\u0441\u0442\u0430\u0432\u043a\u0430 \u0441\u043f\u043e\u0440\u0442\u0438\u0432\u043d\u043e\u0439 \u043e\u0434\u0435\u0436\u0434\u044b \u0438 \u043e\u0431\u0443\u0432\u0438 \u043f\u0440\u0438 \u043f\u043e\u043a\u0443\u043f\u043a\u0435 \u043e\u0442 1000 \u043b\u0435\u0439 \u0432 \u043c\u0430\u0433\u0430\u0437\u0438\u043d\u0435 Joma-Sport.md \u041e\u0437\u043d\u0430\u043a\u043e\u043c\u044c\u0442\u0435\u0441\u044c \u0441 \u0438\u043d\u0444\u043e\u0440\u043c\u0430\u0446\u0438\u0435\u0439 \u043e \u0441\u0440\u043e\u043a\u0430\u0445, \u0446\u0435\u043d\u0430\u0445 \u0438 \u0441\u043f\u043e\u0441\u043e\u0431\u0430\u0445 \u0434\u043e\u0441\u0442\u0430\u0432\u043a\u0438, \u0447\u0442\u043e\u0431\u044b \u0441\u0434\u0435\u043b\u0430\u0442\u044c \u0432\u0430\u0448\u0438 \u043f\u043e\u043a\u0443\u043f\u043a\u0438 \u0435\u0449\u0435 \u0431\u043e\u043b\u0435\u0435 \u043a\u043e\u043c\u0444\u043e\u0440\u0442\u043d\u044b\u043c\u0438!","og_url":"https:\/\/joma-sport.md\/ro\/livrare\/","og_site_name":"Joma Sport","article_modified_time":"2025-12-04T13:17:31+00:00","twitter_card":"summary_large_image","twitter_misc":{"Timp estimat pentru citire":"1 minut"},"schema":{"@context":"https:\/\/schema.org","@graph":[{"@type":"WebPage","@id":"https:\/\/joma-sport.md\/dostavka\/","url":"https:\/\/joma-sport.md\/dostavka\/","name":"\u0414\u043e\u0441\u0442\u0430\u0432\u043a\u0430 | \u041c\u0430\u0433\u0430\u0437\u0438\u043d \u0441\u043f\u043e\u0440\u0442\u0438\u0432\u043d\u043e\u0439 \u043e\u0434\u0435\u0436\u0434\u044b \u0438 \u043e\u0431\u0443\u0432\u0438 Joma-Sport \u0432 \u041c\u043e\u043b\u0434\u043e\u0432\u0435","isPartOf":{"@id":"https:\/\/joma-sport.md\/#website"},"datePublished":"2024-09-20T10:35:52+00:00","dateModified":"2025-12-04T13:17:31+00:00","description":"\u0411\u0435\u0441\u043f\u043b\u0430\u0442\u043d\u0430\u044f \u0434\u043e\u0441\u0442\u0430\u0432\u043a\u0430 \u0441\u043f\u043e\u0440\u0442\u0438\u0432\u043d\u043e\u0439 \u043e\u0434\u0435\u0436\u0434\u044b \u0438 \u043e\u0431\u0443\u0432\u0438 \u043f\u0440\u0438 \u043f\u043e\u043a\u0443\u043f\u043a\u0435 \u043e\u0442 1000 \u043b\u0435\u0439 \u0432 \u043c\u0430\u0433\u0430\u0437\u0438\u043d\u0435 Joma-Sport.md \u041e\u0437\u043d\u0430\u043a\u043e\u043c\u044c\u0442\u0435\u0441\u044c \u0441 \u0438\u043d\u0444\u043e\u0440\u043c\u0430\u0446\u0438\u0435\u0439 \u043e \u0441\u0440\u043e\u043a\u0430\u0445, \u0446\u0435\u043d\u0430\u0445 \u0438 \u0441\u043f\u043e\u0441\u043e\u0431\u0430\u0445 \u0434\u043e\u0441\u0442\u0430\u0432\u043a\u0438, \u0447\u0442\u043e\u0431\u044b \u0441\u0434\u0435\u043b\u0430\u0442\u044c \u0432\u0430\u0448\u0438 \u043f\u043e\u043a\u0443\u043f\u043a\u0438 \u0435\u0449\u0435 \u0431\u043e\u043b\u0435\u0435 \u043a\u043e\u043c\u0444\u043e\u0440\u0442\u043d\u044b\u043c\u0438!","breadcrumb":{"@id":"https:\/\/joma-sport.md\/dostavka\/#breadcrumb"},"inLanguage":"ro-RO","potentialAction":[{"@type":"ReadAction","target":["https:\/\/joma-sport.md\/dostavka\/"]}]},{"@type":"BreadcrumbList","@id":"https:\/\/joma-sport.md\/dostavka\/#breadcrumb","itemListElement":[{"@type":"ListItem","position":1,"name":"\u0413\u043b\u0430\u0432\u043d\u0430\u044f","item":"https:\/\/joma-sport.md\/"},{"@type":"ListItem","position":2,"name":"\u0414\u043e\u0441\u0442\u0430\u0432\u043a\u0430"}]},{"@type":"WebSite","@id":"https:\/\/joma-sport.md\/#website","url":"https:\/\/joma-sport.md\/","name":"Joma Sport","description":"","publisher":{"@id":"https:\/\/joma-sport.md\/#organization"},"potentialAction":[{"@type":"SearchAction","target":{"@type":"EntryPoint","urlTemplate":"https:\/\/joma-sport.md\/?s={search_term_string}"},"query-input":{"@type":"PropertyValueSpecification","valueRequired":true,"valueName":"search_term_string"}}],"inLanguage":"ro-RO"},{"@type":"Organization","@id":"https:\/\/joma-sport.md\/#organization","name":"Joma Sport","url":"https:\/\/joma-sport.md\/","logo":{"@type":"ImageObject","inLanguage":"ro-RO","@id":"https:\/\/joma-sport.md\/#\/schema\/logo\/image\/","url":"https:\/\/joma-sport.md\/wp-content\/uploads\/2024\/04\/logo.svg","contentUrl":"https:\/\/joma-sport.md\/wp-content\/uploads\/2024\/04\/logo.svg","width":225,"height":46,"caption":"Joma Sport"},"image":{"@id":"https:\/\/joma-sport.md\/#\/schema\/logo\/image\/"}}]}},"_links":{"self":[{"href":"https:\/\/joma-sport.md\/ro\/wp-json\/wp\/v2\/pages\/115","targetHints":{"allow":["GET"]}}],"collection":[{"href":"https:\/\/joma-sport.md\/ro\/wp-json\/wp\/v2\/pages"}],"about":[{"href":"https:\/\/joma-sport.md\/ro\/wp-json\/wp\/v2\/types\/page"}],"author":[{"embeddable":true,"href":"https:\/\/joma-sport.md\/ro\/wp-json\/wp\/v2\/users\/1"}],"replies":[{"embeddable":true,"href":"https:\/\/joma-sport.md\/ro\/wp-json\/wp\/v2\/comments?post=115"}],"version-history":[{"count":0,"href":"https:\/\/joma-sport.md\/ro\/wp-json\/wp\/v2\/pages\/115\/revisions"}],"wp:attachment":[{"href":"https:\/\/joma-sport.md\/ro\/wp-json\/wp\/v2\/media?parent=115"}],"curies":[{"name":"wp","href":"https:\/\/api.w.org\/{rel}","templated":true}]}}